{"id":529,"date":"2024-04-01T18:53:19","date_gmt":"2024-04-01T18:53:19","guid":{"rendered":"https:\/\/escolinhakartgrass.com\/?page_id=529"},"modified":"2024-04-05T13:51:06","modified_gmt":"2024-04-05T13:51:06","slug":"politica-de-cookies","status":"publish","type":"page","link":"https:\/\/escolinhakartgrass.com\/?page_id=529","title":{"rendered":"Pol\u00edtica de Cookies"},"content":{"rendered":"<p class=\"my-home-img\"><img loading=\"lazy\" decoding=\"async\" width=\"1920\" height=\"240\" class=\"aligncenter wp-image-528 size-full\" src=\"https:\/\/escolinhakartgrass.com\/wp-content\/uploads\/2024\/04\/PoliticaCookies_banner.png\" alt=\"\" srcset=\"https:\/\/escolinhakartgrass.com\/wp-content\/uploads\/2024\/04\/PoliticaCookies_banner.png 1920w, https:\/\/escolinhakartgrass.com\/wp-content\/uploads\/2024\/04\/PoliticaCookies_banner-300x38.png 300w, https:\/\/escolinhakartgrass.com\/wp-content\/uploads\/2024\/04\/PoliticaCookies_banner-1024x128.png 1024w, https:\/\/escolinhakartgrass.com\/wp-content\/uploads\/2024\/04\/PoliticaCookies_banner-768x96.png 768w, https:\/\/escolinhakartgrass.com\/wp-content\/uploads\/2024\/04\/PoliticaCookies_banner-1536x192.png 1536w\" sizes=\"auto, (max-width: 1920px) 100vw, 1920px\" \/><\/p>\n<p>Para que utilizamos?<\/p>\n<p>Para personaliza\u00e7\u00e3o da utiliza\u00e7\u00e3o, apresenta\u00e7\u00e3o de servi\u00e7os e ofertas adaptadas.<\/p>\n<h4>Pol\u00edtica de cookies?<\/h4>\n<p>A ESCOLINHAKARTGRASS utiliza, nos seus Websites, cookies que permitem melhorar o desempenho e a experi\u00eancia de navega\u00e7\u00e3o dos nossos utilizadores, aumentando, por um lado, a rapidez e efici\u00eancia de resposta e, por outro, eliminando a necessidade de introduzir repetidamente as mesmas informa\u00e7\u00f5es.<\/p>\n<p>Ao aceitar a Pol\u00edtica de Cookies da ESCOLINHAKARTGRASS dever\u00e1 ter em considera\u00e7\u00e3o que a utiliza\u00e7\u00e3o de cookies possibilita a personaliza\u00e7\u00e3o da utiliza\u00e7\u00e3o e a apresenta\u00e7\u00e3o de servi\u00e7os e ofertas adaptadas aos seus interesses.<\/p>\n<p>Pode alterar as suas defini\u00e7\u00f5es de cookies a qualquer altura.<\/p>\n<p>Para mais detalhes sobre o tratamento dos teus dados pessoais, consulta a nossa Pol\u00edtica de Privacidade \u2013 <a href=\"https:\/\/escolinhakartgrass.com\/?page_id=3\">aqui: <\/a><\/p>\n<h4>O que s\u00e3o cookies?<\/h4>\n<p>Os cookies s\u00e3o pequenos ficheiros de texto enviados para o seu computador ou dispositivo m\u00f3vel quando visita websites.<\/p>\n<p>Os cookies ajudam os websites a armazenar e recuperar informa\u00e7\u00e3o sobre os seus h\u00e1bitos de navega\u00e7\u00e3o por forma a personalizar a navega\u00e7\u00e3o de acordo com as suas prefer\u00eancias.<\/p>\n<p class=\"ql-align-justify\">Os cookies podem ser categorizados face ao prop\u00f3sito que servem.<br \/>\nExistem cookies que s\u00e3o estritamente necess\u00e1rios ao funcionamento dos websites, enquanto outros recolhem informa\u00e7\u00e3o estat\u00edstica com o intuito de analisar a utiliza\u00e7\u00e3o dos websites e respetivo desempenho; ou para assegurar a disponibiliza\u00e7\u00e3o de funcionalidades adicionais aos websites<em>;<\/em> ou at\u00e9 para guardar as prefer\u00eancias do visitante relativamente \u00e0 navega\u00e7\u00e3o nos mesmos.<br \/>\nOutros cookies podem ainda servir para medir o sucesso de aplica\u00e7\u00f5es e a efic\u00e1cia da publicidade de terceiros.<\/p>\n<h4>Como posso gerir as cookies?<\/h4>\n<p class=\"ql-align-justify\">Com exce\u00e7\u00e3o dos cookies estritamente necess\u00e1rios ao desempenho dos websites, o armazenamento de outros cookies depender\u00e1 sempre da aceita\u00e7\u00e3o e consentimento do utilizador.<\/p>\n<p class=\"ql-align-justify\">Pode alterar as suas defini\u00e7\u00f5es de cookies a qualquer altura na ferramenta de gest\u00e3o de prefer\u00eancias de cookies dispon\u00edvel nos websites da ESCOLINHAKARTGRASS.<\/p>\n<h4>Transfer\u00eancia de dados para pa\u00edses terceiros \u00e0 Uni\u00e3o Europeia<\/h4>\n<p class=\"ql-align-justify\">A utiliza\u00e7\u00e3o de determinados Cookies poder\u00e1 implicar a transfer\u00eancia de dados pessoais para um pa\u00eds terceiro \u00e0 Uni\u00e3o Europeia.<\/p>\n<p class=\"ql-align-justify\">A ESCOLINHAKARTGRASS garante que verifica o grau de maturidade do pa\u00eds de destino e adota as garantias adequadas, contratuais ou de outra natureza, para mitigar os riscos de cada transfer\u00eancia de dados pessoais.<br \/>\nNomeadamente, as transfer\u00eancias de dados pessoais para pa\u00edses terceiros \u00e0 Uni\u00e3o Europeia ocorrer\u00e3o para pa\u00edses que beneficiam de uma decis\u00e3o de adequa\u00e7\u00e3o da Comiss\u00e3o Europeia ou se estiverem implementadas as Cl\u00e1usulas Contratuais-Tipo aprovadas pela Comiss\u00e3o Europeia.<\/p>\n<p class=\"ql-align-justify\">Poder\u00e1 verificar, nos quadros seguintes, onde se localizam cada um dos cookies que utilizamos.<\/p>\n<h4 class=\"block-title titleclass3 columns pad_top--25 pad_bottom--25\" style=\"text-align: center;\">&gt;&gt; COOKIES ACTIVOS &lt;&lt;<\/h4>\n<ul><\/ul>\n<p>&nbsp;<\/p>\n<p>Pode alterar o estado do seu consentimento em qualquer altura, clicando no icon <img loading=\"lazy\" decoding=\"async\" class=\"alignnone wp-image-545\" src=\"https:\/\/escolinhakartgrass.com\/wp-content\/uploads\/2024\/04\/CookyeYes_icon.png\" alt=\"\" width=\"32\" height=\"32\" \/><\/p>\n<p>Assim, pode rever, alterar ou recusar o consentimento de utiliza\u00e7\u00e3o de cookies, de imediato.<\/p>\n<div>\n<p>Se preferir, pode bloquear a utiliza\u00e7\u00e3o de cookies, directamente no seu programa de acesso \u00e0 internet (browser).<\/p>\n<p>Abaixo est\u00e3o os links para o documento de suporte dos &#8220;browser&#8217;s&#8221; mais conhecidos\/utilizados.<\/p>\n<p>Edge: <a href=\"https:\/\/support.microsoft.com\/en-us\/microsoft-edge\/delete-cookies-in-microsoft-edge-63947406-40ac-c3b8-57b9-2a946a29ae09\" target=\"_blank\" rel=\"noopener\">https:\/\/support.microsoft.com\/en-us\/microsoft-edge\/delete-cookies-in-microsoft-edge-63947406-40ac-c3b8-57b9-2a946a29ae09<\/a><\/p>\n<p>Chrome: <a href=\"https:\/\/support.google.com\/accounts\/answer\/32050\" target=\"_blank\" rel=\"noopener\">https:\/\/support.google.com\/accounts\/answer\/32050<\/a><\/p>\n<p>Safari: <a href=\"https:\/\/support.apple.com\/en-in\/guide\/safari\/sfri11471\/mac\" target=\"_blank\" rel=\"noopener\">https:\/\/support.apple.com\/en-in\/guide\/safari\/sfri11471\/mac<\/a><\/p>\n<p>Firefox: <a href=\"https:\/\/support.mozilla.org\/en-US\/kb\/clear-cookies-and-site-data-firefox?redirectslug=delete-cookies-remove-info-websites-stored&amp;redirectlocale=en-US\" target=\"_blank\" rel=\"noopener\">https:\/\/support.mozilla.org\/en-US\/kb\/clear-cookies-and-site-data-firefox?redirectslug=delete-cookies-remove-info-websites-stored&amp;redirectlocale=en-US<\/a><\/p>\n<p>Internet Explorer: <a href=\"https:\/\/support.microsoft.com\/en-us\/topic\/how-to-delete-cookie-files-in-internet-explorer-bca9446f-d873-78de-77ba-d42645fa52fc\" target=\"_blank\" rel=\"noopener\">https:\/\/support.microsoft.com\/en-us\/topic\/how-to-delete-cookie-files-in-internet-explorer-bca9446f-d873-78de-77ba-d42645fa52fc<\/a><\/p>\n<p>Se utiliza outro &#8220;browser&#8221;, visite a documenta\u00e7\u00e3o de suporte oficial.<\/p>\n<\/div>\n<p>&nbsp;<\/p>\n<div>\n<p><strong>Quer saber mais sobre a Lei RGPD?<\/strong><\/p>\n<div>\n<p>Clique -&gt; <a href=\"https:\/\/gdpr.eu\/\" target=\"_blank\" rel=\"noopener\">Complete guide to GDPR compliance<\/a><\/p>\n<div>Clique -&gt; <a href=\"https:\/\/gdprinfo.eu\/\" target=\"_blank\" rel=\"noopener\">gdprinfo.eu<\/a><\/div>\n<\/div>\n<\/div>\n","protected":false},"excerpt":{"rendered":"<p>Para que utilizamos? Para personaliza\u00e7\u00e3o da utiliza\u00e7\u00e3o, apresenta\u00e7\u00e3o de servi\u00e7os e ofertas adaptadas. Pol\u00edtica de cookies? A ESCOLINHAKARTGRASS utiliza, nos seus Websites, cookies que permitem melhorar o desempenho e a experi\u00eancia de navega\u00e7\u00e3o dos nossos utilizadores, aumentando, por um lado, a rapidez e efici\u00eancia de resposta e, por outro, eliminando a necessidade de introduzir repetidamente [&hellip;]<\/p>\n","protected":false},"author":1,"featured_media":0,"parent":0,"menu_order":0,"comment_status":"closed","ping_status":"closed","template":"","meta":{"footnotes":""},"class_list":["post-529","page","type-page","status-publish","hentry"],"aioseo_notices":[],"_links":{"self":[{"href":"https:\/\/escolinhakartgrass.com\/index.php?rest_route=\/wp\/v2\/pages\/529","targetHints":{"allow":["GET"]}}],"collection":[{"href":"https:\/\/escolinhakartgrass.com\/index.php?rest_route=\/wp\/v2\/pages"}],"about":[{"href":"https:\/\/escolinhakartgrass.com\/index.php?rest_route=\/wp\/v2\/types\/page"}],"author":[{"embeddable":true,"href":"https:\/\/escolinhakartgrass.com\/index.php?rest_route=\/wp\/v2\/users\/1"}],"replies":[{"embeddable":true,"href":"https:\/\/escolinhakartgrass.com\/index.php?rest_route=%2Fwp%2Fv2%2Fcomments&post=529"}],"version-history":[{"count":21,"href":"https:\/\/escolinhakartgrass.com\/index.php?rest_route=\/wp\/v2\/pages\/529\/revisions"}],"predecessor-version":[{"id":533,"href":"https:\/\/escolinhakartgrass.com\/index.php?rest_route=\/wp\/v2\/pages\/529\/revisions\/533"}],"wp:attachment":[{"href":"https:\/\/escolinhakartgrass.com\/index.php?rest_route=%2Fwp%2Fv2%2Fmedia&parent=529"}],"curies":[{"name":"wp","href":"https:\/\/api.w.org\/{rel}","templated":true}]}}