{"id":51,"date":"2024-01-18T00:12:55","date_gmt":"2024-01-18T00:12:55","guid":{"rendered":"https:\/\/escolinhakartgrass.com\/?page_id=51"},"modified":"2024-04-07T21:46:50","modified_gmt":"2024-04-07T21:46:50","slug":"vamos-falar","status":"publish","type":"page","link":"https:\/\/escolinhakartgrass.com\/?page_id=51","title":{"rendered":"Vamos falar?&#8230;"},"content":{"rendered":"<p><span style=\"font-family: tahoma, arial, helvetica, sans-serif;\">N\u00e3o encontrou no nosso site a informa\u00e7\u00e3o que pretende?<\/span><br \/>\n<span style=\"font-family: tahoma, arial, helvetica, sans-serif;\">Tem uma ideia de festa e acha que podemos ajudar?<br \/>\nTemos condi\u00e7\u00f5es especiais para Escolas, ATL&#8217;s.<br \/>\n<\/span><\/p>\n<hr \/>\n<p><span style=\"font-family: tahoma, arial, helvetica, sans-serif;\">Contacte-nos!<\/span><br \/>\n<span style=\"font-family: tahoma, arial, helvetica, sans-serif;\">Decerto conseguimos proporcionar bons momentos com a utiliza\u00e7\u00e3o dos nossos equipamentos.<\/span><\/p>\n<p><span style=\"font-family: tahoma, arial, helvetica, sans-serif;\"><i class=\"fas fa-phone\" style=\"font-size: 20px; color:#12A86B\"><\/i> (PT) 937 134 350 &#8211; (All) 967 066 590<\/span><\/p>\n<p><span style=\"font-family: tahoma, arial, helvetica, sans-serif;\"><i class=\"fas fa-location-dot\" style=\"font-size: 20px; color:#12A86B\"><\/i>\u00a0 Av. Jos\u00e9 Francisco Guerreiro, Pai\u00e3, Odivelas<\/span><\/p>\n<p><span style=\"font-family: tahoma, arial, helvetica, sans-serif;\"><i class=\"fas fa-location-crosshairs\" style=\"font-size: 20px; color:#12A86B\"><\/i>\u00a0 GPS 38.77782, -9.201746<\/span><\/p>\n<p><span style=\"font-family: tahoma, arial, helvetica, sans-serif;\"><i class=\"fas fa-envelope\" style=\"font-size: 20px; color:#12A86B\"><\/i> <a href=\"mailto:geral@escolinhakartgrass.com\">geral@escolinhakartgrass.com<\/a><\/span><\/p>\n<p>&nbsp;<\/p>\n<p><span style=\"font-family: tahoma, arial, helvetica, sans-serif;\">Se utilizar o formul\u00e1rio seguinte, responderemos t\u00e3o r\u00e1pido quanto poss\u00edvel&#8230;<br \/>\n<span style=\"font-size: 10pt;\">Importante: o formul\u00e1rio seguinte, n\u00e3o efectua qualquer recolha de dados pessoais.<\/span><br \/>\n<span style=\"font-size: 10pt;\">Apenas serve como simples meio de contacto<\/span>.<br \/>\n<\/span><\/p>\n<style id=\"wpforms-css-vars-82\">\n\t\t\t\t#wpforms-82 {\n\t\t\t\t\n\t\t\t}\n\t\t\t<\/style><div class=\"wpforms-container wpforms-container-full wpforms-render-modern\" id=\"wpforms-82\"><form id=\"wpforms-form-82\" class=\"wpforms-validate wpforms-form wpforms-ajax-form\" data-formid=\"82\" method=\"post\" enctype=\"multipart\/form-data\" action=\"\/index.php?rest_route=%2Fwp%2Fv2%2Fpages%2F51\" data-token=\"c927d0937fe710ef722c63a39722478b\" data-token-time=\"1776290189\"><div class=\"wpforms-head-container\"><\/div><noscript class=\"wpforms-error-noscript\">Please enable JavaScript in your browser to complete this form.<\/noscript><div id=\"wpforms-error-noscript\" style=\"display: none;\">Please enable JavaScript in your browser to complete this form.<\/div><div class=\"wpforms-field-container\"><div id=\"wpforms-82-field_0-container\" class=\"wpforms-field wpforms-field-name\" data-field-id=\"0\"><label class=\"wpforms-field-label\" for=\"wpforms-82-field_0\">Nome <span class=\"wpforms-required-label\" aria-hidden=\"true\">*<\/span><\/label><input type=\"text\" id=\"wpforms-82-field_0\" class=\"wpforms-field-medium wpforms-field-required\" name=\"wpforms[fields][0]\" aria-errormessage=\"wpforms-82-field_0-error\" required><\/div><div id=\"wpforms-82-field_1-container\" class=\"wpforms-field wpforms-field-email\" data-field-id=\"1\"><label class=\"wpforms-field-label\" for=\"wpforms-82-field_1\">Endere\u00e7o de email <span class=\"wpforms-required-label\" aria-hidden=\"true\">*<\/span><\/label><input type=\"email\" id=\"wpforms-82-field_1\" class=\"wpforms-field-medium wpforms-field-required\" name=\"wpforms[fields][1]\" spellcheck=\"false\" aria-errormessage=\"wpforms-82-field_1-error\" required><\/div><div id=\"wpforms-82-field_2-container\" class=\"wpforms-field wpforms-field-textarea\" data-field-id=\"2\"><label class=\"wpforms-field-label\" for=\"wpforms-82-field_2\">Coment\u00e1rio ou mensagem <span class=\"wpforms-required-label\" aria-hidden=\"true\">*<\/span><\/label><textarea id=\"wpforms-82-field_2\" class=\"wpforms-field-medium wpforms-field-required\" name=\"wpforms[fields][2]\" aria-errormessage=\"wpforms-82-field_2-error\" required><\/textarea><\/div><\/div><!-- .wpforms-field-container --><div class=\"wpforms-submit-container\" ><input type=\"hidden\" name=\"wpforms[id]\" value=\"82\"><input type=\"hidden\" name=\"page_title\" value=\"\"><input type=\"hidden\" name=\"page_url\" value=\"https:\/\/escolinhakartgrass.com\/index.php?rest_route=\/wp\/v2\/pages\/51\"><input type=\"hidden\" name=\"url_referer\" value=\"\"><button type=\"submit\" name=\"wpforms[submit]\" id=\"wpforms-submit-82\" class=\"wpforms-submit\" data-alt-text=\"A enviar agora...\" data-submit-text=\"Enviar\" aria-live=\"assertive\" value=\"wpforms-submit\">Enviar<\/button><img loading=\"lazy\" decoding=\"async\" src=\"https:\/\/escolinhakartgrass.com\/wp-content\/plugins\/wpforms-lite\/assets\/images\/submit-spin.svg\" class=\"wpforms-submit-spinner\" style=\"display: none;\" width=\"26\" height=\"26\" alt=\"Loading\"><\/div><\/form><\/div>  <!-- .wpforms-container -->\n","protected":false},"excerpt":{"rendered":"<p>N\u00e3o encontrou no nosso site a informa\u00e7\u00e3o que pretende? Tem uma ideia de festa e acha que podemos ajudar? Temos condi\u00e7\u00f5es especiais para Escolas, ATL&#8217;s. Contacte-nos! Decerto conseguimos proporcionar bons momentos com a utiliza\u00e7\u00e3o dos nossos equipamentos. (PT) 937 134 350 &#8211; (All) 967 066 590 \u00a0 Av. Jos\u00e9 Francisco Guerreiro, Pai\u00e3, Odivelas \u00a0 GPS [&hellip;]<\/p>\n","protected":false},"author":1,"featured_media":0,"parent":0,"menu_order":0,"comment_status":"closed","ping_status":"closed","template":"","meta":{"footnotes":""},"class_list":["post-51","page","type-page","status-publish","hentry"],"aioseo_notices":[],"_links":{"self":[{"href":"https:\/\/escolinhakartgrass.com\/index.php?rest_route=\/wp\/v2\/pages\/51","targetHints":{"allow":["GET"]}}],"collection":[{"href":"https:\/\/escolinhakartgrass.com\/index.php?rest_route=\/wp\/v2\/pages"}],"about":[{"href":"https:\/\/escolinhakartgrass.com\/index.php?rest_route=\/wp\/v2\/types\/page"}],"author":[{"embeddable":true,"href":"https:\/\/escolinhakartgrass.com\/index.php?rest_route=\/wp\/v2\/users\/1"}],"replies":[{"embeddable":true,"href":"https:\/\/escolinhakartgrass.com\/index.php?rest_route=%2Fwp%2Fv2%2Fcomments&post=51"}],"version-history":[{"count":46,"href":"https:\/\/escolinhakartgrass.com\/index.php?rest_route=\/wp\/v2\/pages\/51\/revisions"}],"predecessor-version":[{"id":623,"href":"https:\/\/escolinhakartgrass.com\/index.php?rest_route=\/wp\/v2\/pages\/51\/revisions\/623"}],"wp:attachment":[{"href":"https:\/\/escolinhakartgrass.com\/index.php?rest_route=%2Fwp%2Fv2%2Fmedia&parent=51"}],"curies":[{"name":"wp","href":"https:\/\/api.w.org\/{rel}","templated":true}]}}