{"id":50,"date":"2024-01-18T00:12:55","date_gmt":"2024-01-18T00:12:55","guid":{"rendered":"https:\/\/escolinhakartgrass.com\/?page_id=50"},"modified":"2024-04-09T10:26:33","modified_gmt":"2024-04-09T10:26:33","slug":"precos","status":"publish","type":"page","link":"https:\/\/escolinhakartgrass.com\/?page_id=50","title":{"rendered":"Pre\u00e7os"},"content":{"rendered":"<p><span style=\"font-family: tahoma, arial, helvetica, sans-serif;\">IVA e seguro inclu\u00eddo em todos os valores apresentados<\/span><\/p>\n<p><span style=\"font-family: tahoma, arial, helvetica, sans-serif;\">Capacete e &#8220;<em>balaclava<\/em>&#8221; dispon\u00edvel durante a utiliza\u00e7\u00e3o.<\/span><\/p>\n<h1><span style=\"font-size: 14pt;\">\u00a0<\/span><span style=\"font-family: tahoma, arial, helvetica, sans-serif; color: #12a86b;\"><img loading=\"lazy\" decoding=\"async\" style=\"display: inline;\" src=\"https:\/\/escolinhakartgrass.com\/wp-content\/uploads\/2024\/02\/icon-crianca.png\" alt=\"\" width=\"65\" height=\"65\" \/> Aluguer individual<\/span><\/h1>\n<p><span style=\"font-family: tahoma, arial, helvetica, sans-serif;\">(crian\u00e7as)<\/span><\/p>\n<p><span style=\"font-family: tahoma, arial, helvetica, sans-serif;\">15 minutos &#8211; 21,00\u20ac<\/span><\/p>\n<hr \/>\n<h1><span style=\"font-family: tahoma, arial, helvetica, sans-serif; color: #12a86b;\"><img loading=\"lazy\" decoding=\"async\" style=\"display: inline;\" src=\"https:\/\/escolinhakartgrass.com\/wp-content\/uploads\/2024\/02\/icon-adulto.png\" alt=\"\" width=\"65\" height=\"65\" \/> Aluguer individual<\/span><\/h1>\n<p><span style=\"font-family: tahoma, arial, helvetica, sans-serif;\">(adultos)<\/span><\/p>\n<p><span style=\"font-family: tahoma, arial, helvetica, sans-serif;\">15 minutos &#8211; 25,00\u20ac<\/span><\/p>\n<hr \/>\n<h1><span style=\"font-family: tahoma, arial, helvetica, sans-serif; color: #12a86b;\"><img loading=\"lazy\" decoding=\"async\" style=\"display: inline;\" src=\"https:\/\/escolinhakartgrass.com\/wp-content\/uploads\/2024\/02\/icon-equipamento.png\" alt=\"\" width=\"65\" height=\"65\" \/> Aluguer de equipamento<\/span><\/h1>\n<p><span style=\"font-family: tahoma, arial, helvetica, sans-serif;\"><br \/>\nFato, luvas e protector cervical (&#8220;<em>pescoceira<\/em>&#8220;) &#8211; 2,00\u20ac<\/span><\/p>\n","protected":false},"excerpt":{"rendered":"<p>IVA e seguro inclu\u00eddo em todos os valores apresentados Capacete e &#8220;balaclava&#8221; dispon\u00edvel durante a utiliza\u00e7\u00e3o. \u00a0 Aluguer individual (crian\u00e7as) 15 minutos &#8211; 21,00\u20ac Aluguer individual (adultos) 15 minutos &#8211; 25,00\u20ac Aluguer de equipamento Fato, luvas e protector cervical (&#8220;pescoceira&#8220;) &#8211; 2,00\u20ac<\/p>\n","protected":false},"author":1,"featured_media":0,"parent":0,"menu_order":0,"comment_status":"closed","ping_status":"closed","template":"","meta":{"footnotes":""},"class_list":["post-50","page","type-page","status-publish","hentry"],"aioseo_notices":[],"_links":{"self":[{"href":"https:\/\/escolinhakartgrass.com\/index.php?rest_route=\/wp\/v2\/pages\/50","targetHints":{"allow":["GET"]}}],"collection":[{"href":"https:\/\/escolinhakartgrass.com\/index.php?rest_route=\/wp\/v2\/pages"}],"about":[{"href":"https:\/\/escolinhakartgrass.com\/index.php?rest_route=\/wp\/v2\/types\/page"}],"author":[{"embeddable":true,"href":"https:\/\/escolinhakartgrass.com\/index.php?rest_route=\/wp\/v2\/users\/1"}],"replies":[{"embeddable":true,"href":"https:\/\/escolinhakartgrass.com\/index.php?rest_route=%2Fwp%2Fv2%2Fcomments&post=50"}],"version-history":[{"count":129,"href":"https:\/\/escolinhakartgrass.com\/index.php?rest_route=\/wp\/v2\/pages\/50\/revisions"}],"predecessor-version":[{"id":631,"href":"https:\/\/escolinhakartgrass.com\/index.php?rest_route=\/wp\/v2\/pages\/50\/revisions\/631"}],"wp:attachment":[{"href":"https:\/\/escolinhakartgrass.com\/index.php?rest_route=%2Fwp%2Fv2%2Fmedia&parent=50"}],"curies":[{"name":"wp","href":"https:\/\/api.w.org\/{rel}","templated":true}]}}