{"id":391,"date":"2024-02-13T17:49:17","date_gmt":"2024-02-13T17:49:17","guid":{"rendered":"https:\/\/escolinhakartgrass.com\/?page_id=391"},"modified":"2024-04-17T11:16:01","modified_gmt":"2024-04-17T11:16:01","slug":"horario","status":"publish","type":"page","link":"https:\/\/escolinhakartgrass.com\/?page_id=391","title":{"rendered":"Hor\u00e1rio"},"content":{"rendered":"<p>Hor\u00e1rio de funcionamento<br \/>\n(<span style=\"color: #ff0000;\">encerrado<\/span> \u00e0s segundas-feiras e ter\u00e7as-feiras no per\u00edodo da manh\u00e3)<\/p>\n<h1><span style=\"font-family: tahoma, arial, helvetica, sans-serif; color: #12a86b;\"><img loading=\"lazy\" decoding=\"async\" style=\"display: inline;\" src=\"https:\/\/escolinhakartgrass.com\/wp-content\/uploads\/2024\/02\/icon-manha.png\" alt=\"\" width=\"65\" height=\"65\" \/> Manh\u00e3<\/span><\/h1>\n<p><strong>10:30h &#8211; 12:30h<\/strong><\/p>\n<hr \/>\n<h1><span style=\"font-family: tahoma, arial, helvetica, sans-serif; color: #12a86b;\"><img loading=\"lazy\" decoding=\"async\" style=\"display: inline;\" src=\"https:\/\/escolinhakartgrass.com\/wp-content\/uploads\/2024\/02\/icon-tarde.png\" alt=\"\" width=\"65\" height=\"65\" \/> Tarde<\/span><\/h1>\n<p><strong>14:00h &#8211; 18:30h<\/strong><\/p>\n<hr \/>\n<p>Por motivos de condi\u00e7\u00f5es meteorol\u00f3gicas ou de ilumina\u00e7\u00e3o, o hor\u00e1rio apresentado pode ser condicionado.<\/p>\n<p>N\u00e3o deixe de nos consultar previamente para confirma\u00e7\u00e3o.<\/p>\n","protected":false},"excerpt":{"rendered":"<p>Hor\u00e1rio de funcionamento (encerrado \u00e0s segundas-feiras e ter\u00e7as-feiras no per\u00edodo da manh\u00e3) Manh\u00e3 10:30h &#8211; 12:30h Tarde 14:00h &#8211; 18:30h Por motivos de condi\u00e7\u00f5es meteorol\u00f3gicas ou de ilumina\u00e7\u00e3o, o hor\u00e1rio apresentado pode ser condicionado. N\u00e3o deixe de nos consultar previamente para confirma\u00e7\u00e3o.<\/p>\n","protected":false},"author":1,"featured_media":0,"parent":0,"menu_order":0,"comment_status":"closed","ping_status":"closed","template":"","meta":{"footnotes":""},"class_list":["post-391","page","type-page","status-publish","hentry"],"aioseo_notices":[],"_links":{"self":[{"href":"https:\/\/escolinhakartgrass.com\/index.php?rest_route=\/wp\/v2\/pages\/391","targetHints":{"allow":["GET"]}}],"collection":[{"href":"https:\/\/escolinhakartgrass.com\/index.php?rest_route=\/wp\/v2\/pages"}],"about":[{"href":"https:\/\/escolinhakartgrass.com\/index.php?rest_route=\/wp\/v2\/types\/page"}],"author":[{"embeddable":true,"href":"https:\/\/escolinhakartgrass.com\/index.php?rest_route=\/wp\/v2\/users\/1"}],"replies":[{"embeddable":true,"href":"https:\/\/escolinhakartgrass.com\/index.php?rest_route=%2Fwp%2Fv2%2Fcomments&post=391"}],"version-history":[{"count":9,"href":"https:\/\/escolinhakartgrass.com\/index.php?rest_route=\/wp\/v2\/pages\/391\/revisions"}],"predecessor-version":[{"id":650,"href":"https:\/\/escolinhakartgrass.com\/index.php?rest_route=\/wp\/v2\/pages\/391\/revisions\/650"}],"wp:attachment":[{"href":"https:\/\/escolinhakartgrass.com\/index.php?rest_route=%2Fwp%2Fv2%2Fmedia&parent=391"}],"curies":[{"name":"wp","href":"https:\/\/api.w.org\/{rel}","templated":true}]}}