{"id":374,"date":"2024-02-05T23:20:06","date_gmt":"2024-02-05T23:20:06","guid":{"rendered":"https:\/\/escolinhakartgrass.com\/?page_id=374"},"modified":"2024-02-06T00:04:49","modified_gmt":"2024-02-06T00:04:49","slug":"politica-de-privacidade-completa","status":"publish","type":"page","link":"https:\/\/escolinhakartgrass.com\/?page_id=374","title":{"rendered":"Pol\u00edtica de privacidade completa"},"content":{"rendered":"<p class=\"my-home-img\"><img decoding=\"async\" class=\"aligncenter wp-image-344 size-full\" src=\"https:\/\/escolinhakartgrass.com\/wp-content\/uploads\/2024\/02\/PoliticaPrivacidade_banner.jpg\" alt=\"\" \/><\/p>\n<div class=\"my-home\">\n<h2 class=\"large\">1. Enquadramento<\/h2>\n<p>A presente Pol\u00edtica de Privacidade estabelece o compromisso da ESCOLINHA KART GRASS com os seus Clientes, em mat\u00e9ria de prote\u00e7\u00e3o de dados pessoais, visando refor\u00e7ar e consolidar a sua rela\u00e7\u00e3o de confian\u00e7a e proximidade.<br \/>\nAtrav\u00e9s desta Pol\u00edtica de Privacidade, a ESCOLINHA KART GRASS informa os seus Clientes relativamente aos tratamentos que realiza com os seus dados, bem como os direitos que lhes reconhece, enquanto titulares de dados pessoais.<br \/>\nA ESCOLINHA KART GRASS actua no estrito cumprimento dos princ\u00edpios descritos nesta pol\u00edtica, do Regulamento (UE) 2016\/679 (Regulamento Geral sobre a Prote\u00e7\u00e3o de Dados \u2013 RGPD) e da legisla\u00e7\u00e3o de prote\u00e7\u00e3o de dados aplic\u00e1vel, em todas as actividades de tratamento de dados pessoais que sejam da sua responsabilidade.<br \/>\nA ESCOLINHA KART GRASS trata dados pessoais atrav\u00e9s de v\u00e1rios meios operacionais e t\u00e9cnicos que servem de suporte \u00e0s atividades dos seus processos de neg\u00f3cio.<\/p>\n<h2>a) Objetivos<\/h2>\n<p>A Pol\u00edtica de Privacidade, como instrumento de comunica\u00e7\u00e3o, tem como principais objectivos:<\/p>\n<ul>\n<li>Refor\u00e7ar e consolidar a rela\u00e7\u00e3o de confian\u00e7a e proximidade da ESCOLINHA KART GRASS com os seus Clientes;<\/li>\n<li>Demonstrar transpar\u00eancia no tratamento de dados pessoais realizados pela ESCOLINHA KART GRASS;<\/li>\n<li>Informar os Clientes dos seus direitos, enquanto titulares de dados pessoais, e da forma como podem exerc\u00ea-los;<\/li>\n<li>Informar os Clientes sobre os Respons\u00e1veis da ESCOLINHA KART GRASS a quem podem solicitar o exerc\u00edcio dos seus direitos, ou esclarecer como s\u00e3o tratados os seus dados pessoais;<\/li>\n<\/ul>\n<h2>b) \u00c2mbito de aplica\u00e7\u00e3o<\/h2>\n<p>A Pol\u00edtica de Privacidade aplica-se, exclusivamente, ao tratamento de dados pessoais efetuados pela ESCOLINHA KART GRASS, no contexto das finalidades previstas.<br \/>\nPara efeitos desta Pol\u00edtica de Privacidade, considera-se dado pessoal toda e qualquer informa\u00e7\u00e3o relativa a uma pessoa singular identificada ou identific\u00e1vel.<br \/>\n\u00c9 identific\u00e1vel o Cliente que possa ser identificado direta ou indiretamente, nomeadamente atrav\u00e9s de um n\u00famero de identifica\u00e7\u00e3o ou atrav\u00e9s de caracter\u00edsticas espec\u00edficas da sua identidade f\u00edsica, fisiol\u00f3gica, gen\u00e9tica, cultural ou social.<\/p>\n<h2 class=\"large\">2. Pol\u00edtica de Privacidade<\/h2>\n<h2>a) O nosso compromisso<\/h2>\n<p>A prote\u00e7\u00e3o dos seus dados pessoais \u00e9 uma prioridade para a ESCOLINHA KART GRASS.<br \/>\nAssumimos o compromisso de apenas tratar os seus dados pessoais que sejam estritamente necess\u00e1rios para lhe prestar os melhores servi\u00e7os, garantindo transpar\u00eancia na informa\u00e7\u00e3o e aplica\u00e7\u00e3o das melhores pr\u00e1cticas, no dom\u00ednio da seguran\u00e7a e da prote\u00e7\u00e3o dos dados pessoais.<br \/>\nSempre que os seus dados pessoais sejam tratados por entidades contratadas, a ESCOLINHA KART GRASS exigir\u00e1 que estas entidades apresentem o mesmo n\u00edvel de garantia de privacidade e seguran\u00e7a em mat\u00e9ria de prote\u00e7\u00e3o de dados pessoais.<br \/>\nQueremos merecer a sua confian\u00e7a e que sinta que os seus dados pessoais est\u00e3o seguros connosco, pois estaremos sempre comprometidos em proteger a sua privacidade, assumindo, com grande seriedade e empenho, as nossas responsabilidades no que respeita \u00e0 prote\u00e7\u00e3o dos seus dados pessoais.<br \/>\nSempre que tiver qualquer d\u00favida sobre o tratamento dos seus dados pessoais, estaremos dispon\u00edveis para o ajudar, atrav\u00e9s dos meios de contacto que lhe disponibilizamos.<\/p>\n<h2>b) Que dados pessoais utilizamos e para que \u00e9 que os utilizamos?<\/h2>\n<p>A ESCOLINHA KART GRASS assume o compromisso de apenas tratar os dados pessoais estritamente necess\u00e1rios para cada processo.<\/p>\n<p>Exemplificando alguns destes:<\/p>\n<ul>\n<li>i.Programa Cliente \u2013 No \u00e2mbito do Programa Cliente, a ESCOLINHA KART GRASS trata os seus dados de identifica\u00e7\u00e3o (nome, n\u00famero de identifica\u00e7\u00e3o fiscal e data de nascimento), dados de contacto (n\u00famero de telem\u00f3vel, e-mail e morada) e hist\u00f3rico de consumo (prefer\u00eancias).<br \/>\nEstes dados s\u00e3o utilizados para lhe prestar um conjunto de benef\u00edcios, previstos no programa de fideliza\u00e7\u00e3o.<\/li>\n<li>ii.Online &#8211; No \u00e2mbito da conta online, os seus dados pessoais s\u00e3o utilizados para lhe permitir comprar artigos ou servi\u00e7os \u00e0 dist\u00e2ncia e aceder ao seu hist\u00f3rico de compras.<\/li>\n<li>iii.Gest\u00e3o de Transa\u00e7\u00f5es \u2013 Sempre que disponibilizar o seu n\u00famero de identifica\u00e7\u00e3o fiscal nas suas compras ou aquisi\u00e7\u00e3o de servi\u00e7os, necessitamos de o registar e de o transmitir \u00e0 Autoridade Tribut\u00e1ria;<\/li>\n<li>iv.Marketing Direto \u2013 Necessitaremos, igualmente, dos seus dados de contacto (e-mail e n\u00famero de telem\u00f3vel), para lhe podermos enviar comunica\u00e7\u00f5es informativas sobre novidades, campanhas e ofertas, descontos ou benef\u00edcios, gen\u00e9ricos ou direcionados.<br \/>\nPoder\u00e1, a todo e qualquer momento, retirar a indica\u00e7\u00e3o para receber este tipo de comunica\u00e7\u00f5es;<\/li>\n<li>v.Videovigil\u00e2ncia \u2013 Temos instalados sistemas de videovigil\u00e2ncia para garantir a sua seguran\u00e7a, bem como a dos bens existentes nas nossas instala\u00e7\u00f5es;<\/li>\n<li>vi.Repara\u00e7\u00f5es &#8211; Necessitaremos, igualmente, dos seus dados de identifica\u00e7\u00e3o (nome, e-mail e n\u00famero de telem\u00f3vel e morada), para podermos garantir a repara\u00e7\u00e3o dos seus equipamentos;<\/li>\n<li>vii.Inqu\u00e9ritos de Satisfa\u00e7\u00e3o &#8211; Necessitamos de utilizar os seus dados de identifica\u00e7\u00e3o (nome, e-mail e n\u00famero de telem\u00f3vel) para, no \u00e2mbito do contrato de compra e venda e\/ou de presta\u00e7\u00e3o de servi\u00e7os, recolhermos informa\u00e7\u00e3o sobre a sua satisfa\u00e7\u00e3o e, nesse sentido, podermos proporcionar a melhor experi\u00eancia ao Cliente.<\/li>\n<\/ul>\n<h2>c) Durante quanto tempo conservamos os seus dados pessoais?<\/h2>\n<p>Apenas conservamos os seus dados pessoais durante o per\u00edodo estritamente necess\u00e1rio para cumprir os objetivos acima identificados, dentro dos limites legais.<br \/>\nTerminado o prazo de conserva\u00e7\u00e3o definido, a ESCOLINHA KART GRASS compromete-se a eliminar, destruir ou anonimizar os seus dados pessoais.<br \/>\nDe uma forma geral, a ESCOLINHA KART GRASS conserva dados de transa\u00e7\u00f5es durante um per\u00edodo de 10 anos, sendo este o prazo definido por lei, bem como o prazo m\u00e1ximo razo\u00e1vel de vida \u00fatil dos nossos equipamentos.<br \/>\nRelativamente \u00e0 videovigil\u00e2ncia, apenas conservamos os seus dados pessoais pelo prazo de 30 dias, por imposi\u00e7\u00e3o legal.<br \/>\nPoder\u00e1 solicitar-nos informa\u00e7\u00f5es adicionais relativamente aos per\u00edodos de conserva\u00e7\u00e3o dos seus dados pessoais, atrav\u00e9s de contacto escrito, via correio terrestre registado ou para o email indicado no nosso site.<\/p>\n<h2>d) Com quem podemos partilhar os seus dados pessoais?<\/h2>\n<p>Em determinados casos, poderemos divulgar os seus dados pessoais a entidades que nos prestem servi\u00e7os, no \u00e2mbito de entregas ao domic\u00edlio, repara\u00e7\u00f5es e servi\u00e7o de artigos, servi\u00e7os financeiros e a\u00e7\u00f5es de marketing.<br \/>\nProcederemos \u00e0 transmiss\u00e3o dos seus dados pessoais \u00e0 Autoridade Tribut\u00e1ria, por imposi\u00e7\u00e3o legal.<br \/>\nA ESCOLINHA KART GRASS n\u00e3o partilha, em caso algum, os seus dados pessoais com outras empresas ou marcas, para outros fins comerciais.<\/p>\n<h2>e) Quais s\u00e3o os seus direitos e como poder\u00e1 exerc\u00ea-los?<\/h2>\n<p>Por regra, o titular de dados pessoais tem os seguintes direitos, em mat\u00e9ria de prote\u00e7\u00e3o de dados: direito de acesso, direito de rectifica\u00e7\u00e3o, direito de apagamento, direito de limita\u00e7\u00e3o, direito de portabilidade, direito de oposi\u00e7\u00e3o e direito de n\u00e3o ficar sujeito a decis\u00f5es automatizadas.<br \/>\nNos casos em que tenha prestado consentimento para determinado tratamento dos seus dados pessoais, poder\u00e1 retir\u00e1-lo sempre que o pretenda.<br \/>\nPara exercer qualquer um destes direitos, dever\u00e1 faz\u00ea-lo atrav\u00e9s de contacto escrito, via correio terrestre registado ou para o email indicado no nosso site.<br \/>\nA ESCOLINHA KART GRASS proceder\u00e1 \u00e0 an\u00e1lise cuidada dos pedidos, avaliando a sua legitimidade e pertin\u00eancia, comprometendo-se a dar resposta em tempo oportuno.<br \/>\nCaso necessite, o titular de dados pessoais poder\u00e1, ainda, contactar o Encarregado de Prote\u00e7\u00e3o de Dados atrav\u00e9s do endere\u00e7o: rgpd@escolinhakartgrass.com e apresentar reclama\u00e7\u00e3o junto da Comiss\u00e3o Nacional de Prote\u00e7\u00e3o de Dados (CNPD).<\/p>\n<h2>f) Cookies<\/h2>\n<p>A ESCOLINHA KART GRASS utiliza, no seu site na internet, cookies que permitem melhorar o desempenho e a experi\u00eancia de navega\u00e7\u00e3o dos nossos utilizadores, aumentando, por um lado, a rapidez e efici\u00eancia de resposta e, por outro, eliminando a necessidade de introduzir repetidamente as mesmas informa\u00e7\u00f5es.<br \/>\nA coloca\u00e7\u00e3o de cookies n\u00e3o s\u00f3 ajuda os sites na internet a reconhecer o dispositivo do utilizador na pr\u00f3xima vez que nos visita, mas tamb\u00e9m ser\u00e1 imprescind\u00edvel para o funcionamento dos mesmos.<br \/>\nTodos os browsers de navega\u00e7\u00e3o permitem ao utilizador aceitar, recusar ou apagar cookies atrav\u00e9s da sele\u00e7\u00e3o das defini\u00e7\u00f5es avan\u00e7adas do navegador.<\/p>\n<p><strong>Cookies de sess\u00e3o necess\u00e1rias<\/strong>: Os cookies necess\u00e1rios s\u00e3o essenciais para o correcto funcionamento do site e como tal n\u00e3o podem ser desactivados.<br \/>\nEstes cookies ajudam a tornar um site de internet \u00fatil, permitindo fun\u00e7\u00f5es b\u00e1sicas, como a navega\u00e7\u00e3o e o acesso \u00e0 p\u00e1gina para proteger \u00e1reas do site.<br \/>\nO site pode n\u00e3o funcionar corretamente sem estes cookies.<\/p>\n<p><strong>Cookies de prefer\u00eancias<\/strong>: Estes cookies possibilitam guardar as prefer\u00eancias do utilizador de forma a optimizar a navega\u00e7\u00e3o no site, para que o utilizador n\u00e3o necessite de reconfigurar e personalizar a utiliza\u00e7\u00e3o em cada visita.<br \/>\nPermite memorizar informa\u00e7\u00f5es como o seu idioma preferido ou a regi\u00e3o em que se encontra.<\/p>\n<p><strong>Cookies estat\u00edsticas<\/strong>: Os cookies de estat\u00edstica ajudam os propriet\u00e1rios de sites a entenderem como os visitantes interagem com os mesmos, recolhendo e divulgando informa\u00e7\u00f5es deforma an\u00f3nima.<\/p>\n<p><strong>Cookies de marketing<\/strong>: Os cookies de marketing\/publicidade s\u00e3o utilizados para direcionar an\u00fancios aos visitantes e t\u00eam como finalidade contribuir para uma melhor experi\u00eancia de navega\u00e7\u00e3o ajustada aos interesses do utilizador.<br \/>\nO objetivo \u00e9 divulgar conte\u00fados (inclusive editores e anunciantes) que sejam relevantes de acordo com as prefer\u00eancias individual.<\/p>\n<h2>g) Como protegemos os seus dados pessoais?<\/h2>\n<p>Dispomos de uma diversidade de medidas de seguran\u00e7a da informa\u00e7\u00e3o, alinhadas com as melhores pr\u00e1ticas nacionais e internacionais, de modo a proteger os seus dados pessoais, incluindo controlos tecnol\u00f3gicos, medidas administrativas, t\u00e9cnicas, f\u00edsicas e procedimentos que garantem a prote\u00e7\u00e3o dos seus dados pessoais, impedindo a sua utiliza\u00e7\u00e3o indevida, o acesso e divulga\u00e7\u00e3o n\u00e3o autorizada, a sua perda, a sua altera\u00e7\u00e3o indevida ou inadvertida, ou a sua destrui\u00e7\u00e3o n\u00e3o autorizada.<br \/>\nAssumimos, em mat\u00e9ria de seguran\u00e7a da informa\u00e7\u00e3o, o mesmo compromisso de melhoria cont\u00ednua pelo qual nos pautamos na nossa atividade di\u00e1ria.<\/p>\n<p>Entre outras, destacamos as seguintes medidas:<\/p>\n<ul>\n<li>i. Acesso restrito aos seus dados pessoais;<\/li>\n<li>ii. Armazenamento e transmiss\u00e3o de dados pessoais de forma segura;<\/li>\n<li>iii. Prote\u00e7\u00e3o dos sistemas de informa\u00e7\u00e3o atrav\u00e9s de dispositivos que impedem o acesso n\u00e3o autorizado aos seus dados pessoais;<\/li>\n<li>iv. Implementa\u00e7\u00e3o de mecanismos que garantem a salvaguarda da integridade e da qualidade dos seus dados pessoais;<\/li>\n<li>v. Monitoriza\u00e7\u00e3o permanente dos sistemas de informa\u00e7\u00e3o, com o objectivo de prevenir, detectar e impedir o uso indevido dos seus dados pessoais;<\/li>\n<li>vi. Redund\u00e2ncia de equipamentos de armazenamento, processamento e comunica\u00e7\u00e3o de dados pessoais, para evitar perda de disponibilidade.<\/li>\n<\/ul>\n<h2>h) Atualiza\u00e7\u00f5es a esta Pol\u00edtica de Privacidade<\/h2>\n<p>A presente Pol\u00edtica de Privacidade pode ser revista e atualizada, ser\u00e1 objeto de divulga\u00e7\u00e3o atrav\u00e9s do nosso site <a href=\"https:\/\/escolinhakartgrass.com\/?page_id=3\">aqui<\/a>.<\/p>\n<\/div>\n","protected":false},"excerpt":{"rendered":"<p>1. Enquadramento A presente Pol\u00edtica de Privacidade estabelece o compromisso da ESCOLINHA KART GRASS com os seus Clientes, em mat\u00e9ria de prote\u00e7\u00e3o de dados pessoais, visando refor\u00e7ar e consolidar a sua rela\u00e7\u00e3o de confian\u00e7a e proximidade. Atrav\u00e9s desta Pol\u00edtica de Privacidade, a ESCOLINHA KART GRASS informa os seus Clientes relativamente aos tratamentos que realiza com [&hellip;]<\/p>\n","protected":false},"author":1,"featured_media":0,"parent":0,"menu_order":0,"comment_status":"closed","ping_status":"closed","template":"","meta":{"footnotes":""},"class_list":["post-374","page","type-page","status-publish","hentry"],"aioseo_notices":[],"_links":{"self":[{"href":"https:\/\/escolinhakartgrass.com\/index.php?rest_route=\/wp\/v2\/pages\/374","targetHints":{"allow":["GET"]}}],"collection":[{"href":"https:\/\/escolinhakartgrass.com\/index.php?rest_route=\/wp\/v2\/pages"}],"about":[{"href":"https:\/\/escolinhakartgrass.com\/index.php?rest_route=\/wp\/v2\/types\/page"}],"author":[{"embeddable":true,"href":"https:\/\/escolinhakartgrass.com\/index.php?rest_route=\/wp\/v2\/users\/1"}],"replies":[{"embeddable":true,"href":"https:\/\/escolinhakartgrass.com\/index.php?rest_route=%2Fwp%2Fv2%2Fcomments&post=374"}],"version-history":[{"count":6,"href":"https:\/\/escolinhakartgrass.com\/index.php?rest_route=\/wp\/v2\/pages\/374\/revisions"}],"predecessor-version":[{"id":380,"href":"https:\/\/escolinhakartgrass.com\/index.php?rest_route=\/wp\/v2\/pages\/374\/revisions\/380"}],"wp:attachment":[{"href":"https:\/\/escolinhakartgrass.com\/index.php?rest_route=%2Fwp%2Fv2%2Fmedia&parent=374"}],"curies":[{"name":"wp","href":"https:\/\/api.w.org\/{rel}","templated":true}]}}