{"id":3,"date":"2024-01-17T18:14:14","date_gmt":"2024-01-17T18:14:14","guid":{"rendered":"https:\/\/escolinhakartgrass.com\/?page_id=3"},"modified":"2024-02-06T00:06:03","modified_gmt":"2024-02-06T00:06:03","slug":"politica-privacidade","status":"publish","type":"page","link":"https:\/\/escolinhakartgrass.com\/?page_id=3","title":{"rendered":"Pol\u00edtica de privacidade"},"content":{"rendered":"<p class=\"my-home-img\"><img decoding=\"async\" class=\"aligncenter wp-image-344 size-full\" src=\"https:\/\/escolinhakartgrass.com\/wp-content\/uploads\/2024\/02\/PoliticaPrivacidade_banner.jpg\" alt=\"\" \/><\/p>\n<p>&nbsp;<\/p>\n<div class=\"my-home\">\n<p>Na ESCOLINHA KART GRASS preservamos as rela\u00e7\u00f5es com os clientes, mantendo-as privadas.<\/p>\n<p class=\"block-title\">O futuro da tecnologia est\u00e1 mais transparente.<\/p>\n<p class=\"block-title\">Com a entrada em vigor do novo <strong>R<\/strong>egulamento <strong>G<\/strong>eral de <strong>P<\/strong>rotec\u00e7\u00e3o de <strong>D<\/strong>ados, no dia 25 de maio de 2018, as empresas v\u00e3o ter mais responsabilidades no tratamento dos dados pessoais dos seus clientes e utilizadores dos seus sites, <em>apps<\/em> e outras plataformas digitais em que estejam presentes.<\/p>\n<p>Na ESCOLINHA KART GRASS, reafirmamos o nosso compromisso com o respeito pela sua privacidade e com a protec\u00e7\u00e3o dos seus dados pessoais.<\/p>\n<ul>\n<li><span style=\"font-size: 18pt;\"><strong>O que s\u00e3o dados pessoais e que categorias de dados tratamos na ESCOLINHA KART GRASS?<\/strong><\/span><\/li>\n<\/ul>\n<p>O novo <strong>R<\/strong>egulamento <strong>G<\/strong>eral de <strong>P<\/strong>rote\u00e7\u00e3o de <strong>D<\/strong>ados estabelece uma defini\u00e7\u00e3o mais abrangente do conceito de dado pessoal.<br \/>\nUm dado pessoal \u00e9 qualquer informa\u00e7\u00e3o, independentemente da sua natureza e do suporte em que se apresente, capaz de identificar uma pessoa.<\/p>\n<p>S\u00e3o exemplos de categorias de dados pessoais tratados pela ESCOLINHA KART GRASS:<\/p>\n<ol>\n<li><strong>Dados de identifica\u00e7\u00e3o e contacto<\/strong> : Nome, n\u00famero do documento de identifica\u00e7\u00e3o, n\u00famero de identifica\u00e7\u00e3o fiscal (NIF), idade, data de nascimento, contacto telef\u00f3nico, email, morada, dados de pagamento, identificadores eletr\u00f3nicos (credenciais de login digital), etc.<\/li>\n<li><strong>Rela\u00e7\u00e3o com a ESCOLINHA KART GRASS<\/strong> : Hist\u00f3rico de produtos e servi\u00e7os que pesquisou, comprou ou subscreveu.<\/li>\n<li><strong>Perfil<\/strong> : Gostos, interesses e prefer\u00eancias, na sua rela\u00e7\u00e3o com a ESCOLINHA KART GRASS.<\/li>\n<\/ol>\n<ul>\n<li><span style=\"font-size: 18pt;\"><strong>Quem \u00e9 o respons\u00e1vel pelo tratamento dos seus dados pessoais?<\/strong><\/span><\/li>\n<\/ul>\n<p>A entidade respons\u00e1vel pelo tratamento dos seus dados pessoais \u00e9 a ESCOLINHA KART GRASS.<\/p>\n<ul>\n<li><span style=\"font-size: 18pt;\"><strong>Em que situa\u00e7\u00f5es \u00e9 que tratamos os seus dados pessoais?<\/strong><\/span><\/li>\n<\/ul>\n<p>Na ESCOLINHA KART GRASS procedemos ao tratamento dos seus dados pessoais mediante o seu consentimento, quando faz uma compra, quando contrata um servi\u00e7o ou quando utiliza o nosso site. Este tratamento pode ser feito oralmente, por escrito ou atrav\u00e9s do nosso site.<\/p>\n<ul>\n<li><span style=\"font-size: 18pt;\"><strong>Para que finalidades tratamos os seus dados pessoais?<\/strong><\/span><\/li>\n<\/ul>\n<p>A ESCOLINHA KART GRASS garante que os seus dados pessoais s\u00e3o tratados apenas para as finalidades que lhe foram comunicadas no \u00e2mbito dos programas ou servi\u00e7os espec\u00edficos.<\/p>\n<p>Como exemplo, a ESCOLINHA KART GRASS, poder\u00e1 utilizar os seus dados para:<\/p>\n<ol>\n<li>Programa Cliente:<br \/>\nA ESCOLINHA KART GRASS trata dados de identifica\u00e7\u00e3o, hist\u00f3rico compras de artigos ou servi\u00e7os, perfil de cliente e comunica\u00e7\u00e3o de campanhas.<\/li>\n<li>Publicidade directa:<br \/>\nComunica\u00e7\u00e3o de novidades, oportunidades ou campanhas<\/li>\n<li>Cumprimento de obriga\u00e7\u00f5es fiscais:<br \/>\nNa ESCOLINHA KART GRASS, mantemos dados de transa\u00e7\u00f5es (facturas, por exemplo) pelo per\u00edodo obrigat\u00f3rio por lei.<\/li>\n<\/ol>\n<ul>\n<li><span style=\"font-size: 18pt;\"><strong>Com que base tratamos os seus dados pessoais?<\/strong><\/span><\/li>\n<\/ul>\n<p>As situa\u00e7\u00f5es que permitem tratar os seus dados pessoais, s\u00e3o:<\/p>\n<ol>\n<li><strong>O seu consentimento expresso<\/strong>, seja por escrito, seja oralmente, para que receba, por exemplo, campanhas de publicidade directa, envio de mensagens SMS ou, envio de mail&#8217;s.<\/li>\n<li><strong>A execu\u00e7\u00e3o de um contracto<\/strong> celebrado com a ESCOLINHA KART GRASS, como por exemplo, um contracto de compra e venda de produtos ou servi\u00e7os adquiridos.<\/li>\n<li><strong>O cumprimento de uma obriga\u00e7\u00e3o legal<\/strong>, como por exemplo, a emiss\u00e3o de um documento fiscal (factura).<\/li>\n<li><strong>O interesse leg\u00edtimo da ESCOLINHA KART GRASS<\/strong> por exemplo, para efeitos de melhoria de servi\u00e7o prestado.<\/li>\n<\/ol>\n<p>A ESCOLINHA KART GRASS compromete-se a tratar os seus dados pessoais de forma a garantir a confidencialidade, a seguran\u00e7a e a protec\u00e7\u00e3o desses dados contra o seu tratamento n\u00e3o autorizado ou il\u00edcito e contra a sua perda, destrui\u00e7\u00e3o ou dano.<br \/>\nPara tal, necessitamos do seu consentimento expresso, seja por mail, pela circunst\u00e2ncia de um contrato de compra e venda, na altura de um neg\u00f3cio, pelo cumprimento de obriga\u00e7\u00e3o legal ou ainda por interesse leg\u00edtimo da ESCOLINHA KART GRASS, para melhoria dos nossos servi\u00e7os.<\/p>\n<ul>\n<li><span style=\"font-size: 18pt;\"><strong>Por quanto tempo conservamos os seus dados pessoais?<\/strong><\/span><\/li>\n<\/ul>\n<p>A ESCOLINHA KART GRASS ret\u00e9m os seus dados pessoais apenas pelo per\u00edodo de tempo estritamente necess\u00e1rio para executar a finalidade para a qual os recolheu ou, consoante o caso, at\u00e9 que exer\u00e7a o seu direito de oposi\u00e7\u00e3o ou direito de apagamento.<br \/>\nDecorrido esse per\u00edodo de conserva\u00e7\u00e3o, a ESCOLINHA KART GRASS elimina os seus dados pessoais.<\/p>\n<ul>\n<li><span style=\"font-size: 18pt;\"><strong>A quem transmitimos os seus dados pessoais?<\/strong><\/span><\/li>\n<\/ul>\n<p>Sempre que necess\u00e1rio a ESCOLINHA KART GRASS poder\u00e1 transmitir os seus dados pessoais a terceiros \u2013 empresas parceiras da ESCOLINHA KART GRASS, por exemplo, empresas transportadoras de mercadorias \u2013 apenas e exclusivamente para efeitos de execu\u00e7\u00e3o de um servi\u00e7o que contratou, como a entrega de um produto ao domic\u00edlio.<br \/>\nOs seus dados pessoais podem tamb\u00e9m ser comunicados, no cumprimento da lei, a entidades do Estado, como a Autoridade Tribut\u00e1ria.<\/p>\n<ul>\n<li><span style=\"font-size: 18pt;\"><strong>Quais os seus direitos de protec\u00e7\u00e3o de dados pessoais e como pode exerc\u00ea-los?<\/strong><\/span><\/li>\n<\/ul>\n<ol>\n<li><strong>Direito de acesso \u00e0 informa\u00e7\u00e3o<\/strong> : Pode obter a confirma\u00e7\u00e3o de quais os seus dados pessoais tratados pela ESCOLINHA KART GRASS, bem como a respectiva informa\u00e7\u00e3o acerca das finalidades do tratamento ou dos prazos de conserva\u00e7\u00e3o desses dados.<\/li>\n<li><strong>Direito de rectifica\u00e7\u00e3o<\/strong> : Pode pedir a altera\u00e7\u00e3o dos seus dados pessoais que estejam incorrectos ou incompletos.<\/li>\n<li><strong>Direito de apagamento<\/strong> : Pode pedir a elimina\u00e7\u00e3o dos seus dados pessoais, desde que n\u00e3o se verifiquem imposi\u00e7\u00f5es legais para a sua conserva\u00e7\u00e3o.<\/li>\n<li><strong>Direito \u00e0 portabilidade<\/strong> : Pode receber os dados pessoais que nos forneceu de forma estruturada em formato digital de leitura autom\u00e1tica.<\/li>\n<li><strong>Direito de oposi\u00e7\u00e3o<\/strong> : Pode opor-se ou retirar o consentimento que deu anteriormente a um tratamento dos seus dados pessoais.<\/li>\n<li><strong>Direito \u00e0 limita\u00e7\u00e3o do tratamento<\/strong> : Pode pedir a limita\u00e7\u00e3o do tratamento dos seus dados pessoais, sob a forma de:<br \/>\nSuspens\u00e3o do tratamento;<br \/>\nLimita\u00e7\u00e3o do \u00e2mbito do tratamento a certas categorias de dados ou finalidades de tratamento.<\/li>\n<li><strong>Direito a n\u00e3o ficar sujeito a decis\u00f5es individuais automatizadas<\/strong> : Pode pedir para n\u00e3o ficar sujeito a nenhuma decis\u00e3o tomada exclusivamente com base no tratamento autom\u00e1tico.<br \/>\nEstas decis\u00f5es est\u00e3o relacionadas com a defini\u00e7\u00e3o de perfis de consumo por parte da ESCOLINHA KART GRASS, com base nos seus gostos, interesses e prefer\u00eancias, hist\u00f3rico de pesquisas e compras, etc., nomeadamente para prestar um servi\u00e7o de qualidade e adequar as comunica\u00e7\u00f5es de marketing.<\/li>\n<\/ol>\n<p>Pode exercer estes direitos por escrito via correio registado, ou via e-mail, para o endere\u00e7o <a href=\"mailto:geral@escolinhakartgrass.com\">geral@escolinhakartgrass.com<\/a><\/p>\n<p>Esta p\u00e1gina apresenta em termos gerais, a nosso pol\u00edtica de privacidade e tratamento de dados.<br \/>\nEncontra a nossa Pol\u00edtica de Privacidade completa <a href=\"https:\/\/escolinhakartgrass.com\/?page_id=374\">aqui<\/a>.<br \/>\nCaso necessite de mais informa\u00e7\u00e3o, n\u00e3o hesite em contactar os nossos servi\u00e7os, pelos contactos existentes neste site.<\/p>\n<p>ESCOLINHA KART GRASS \u00a9<\/p>\n<\/div>\n","protected":false},"excerpt":{"rendered":"<p>&nbsp; Na ESCOLINHA KART GRASS preservamos as rela\u00e7\u00f5es com os clientes, mantendo-as privadas. O futuro da tecnologia est\u00e1 mais transparente. Com a entrada em vigor do novo Regulamento Geral de Protec\u00e7\u00e3o de Dados, no dia 25 de maio de 2018, as empresas v\u00e3o ter mais responsabilidades no tratamento dos dados pessoais dos seus clientes e [&hellip;]<\/p>\n","protected":false},"author":1,"featured_media":0,"parent":0,"menu_order":0,"comment_status":"closed","ping_status":"open","template":"","meta":{"footnotes":""},"class_list":["post-3","page","type-page","status-publish","hentry"],"aioseo_notices":[],"_links":{"self":[{"href":"https:\/\/escolinhakartgrass.com\/index.php?rest_route=\/wp\/v2\/pages\/3","targetHints":{"allow":["GET"]}}],"collection":[{"href":"https:\/\/escolinhakartgrass.com\/index.php?rest_route=\/wp\/v2\/pages"}],"about":[{"href":"https:\/\/escolinhakartgrass.com\/index.php?rest_route=\/wp\/v2\/types\/page"}],"author":[{"embeddable":true,"href":"https:\/\/escolinhakartgrass.com\/index.php?rest_route=\/wp\/v2\/users\/1"}],"replies":[{"embeddable":true,"href":"https:\/\/escolinhakartgrass.com\/index.php?rest_route=%2Fwp%2Fv2%2Fcomments&post=3"}],"version-history":[{"count":24,"href":"https:\/\/escolinhakartgrass.com\/index.php?rest_route=\/wp\/v2\/pages\/3\/revisions"}],"predecessor-version":[{"id":381,"href":"https:\/\/escolinhakartgrass.com\/index.php?rest_route=\/wp\/v2\/pages\/3\/revisions\/381"}],"wp:attachment":[{"href":"https:\/\/escolinhakartgrass.com\/index.php?rest_route=%2Fwp%2Fv2%2Fmedia&parent=3"}],"curies":[{"name":"wp","href":"https:\/\/api.w.org\/{rel}","templated":true}]}}